{"id":4077,"date":"2017-07-17T19:14:02","date_gmt":"2017-07-17T19:14:02","guid":{"rendered":"http:\/\/kultaliikerantanen.fi\/?post_type=product&#038;p=4077"},"modified":"2021-04-19T16:56:06","modified_gmt":"2021-04-19T16:56:06","slug":"3117019","status":"publish","type":"product","link":"http:\/\/kultaliikerantanen.fi\/?product=3117019","title":{"rendered":"3117019"},"content":{"rendered":"<p>3117018, 5117018, 3117019, 5117019<br \/>\nSYD\u00c4N 10MM SILE\u00c4, SYD\u00c4N 12MM SILE\u00c4<\/p>\n","protected":false},"excerpt":{"rendered":"<p>3117018, 5117018, 3117019, 5117019 SYD\u00c4N 10MM SILE\u00c4, SYD\u00c4N 12MM SILE\u00c4<\/p>\n","protected":false},"featured_media":923,"template":"","meta":[],"_links":{"self":[{"href":"http:\/\/kultaliikerantanen.fi\/index.php?rest_route=\/wp\/v2\/product\/4077"}],"collection":[{"href":"http:\/\/kultaliikerantanen.fi\/index.php?rest_route=\/wp\/v2\/product"}],"about":[{"href":"http:\/\/kultaliikerantanen.fi\/index.php?rest_route=\/wp\/v2\/types\/product"}],"wp:featuredmedia":[{"embeddable":true,"href":"http:\/\/kultaliikerantanen.fi\/index.php?rest_route=\/wp\/v2\/media\/923"}],"wp:attachment":[{"href":"http:\/\/kultaliikerantanen.fi\/index.php?rest_route=%2Fwp%2Fv2%2Fmedia&parent=4077"}],"curies":[{"name":"wp","href":"https:\/\/api.w.org\/{rel}","templated":true}]}}