{"id":4022,"date":"2017-07-17T18:51:18","date_gmt":"2017-07-17T18:51:18","guid":{"rendered":"http:\/\/kultaliikerantanen.fi\/?post_type=product&#038;p=4022"},"modified":"2021-04-20T12:10:29","modified_gmt":"2021-04-20T12:10:29","slug":"3118798","status":"publish","type":"product","link":"http:\/\/kultaliikerantanen.fi\/?product=3118798","title":{"rendered":"3118798"},"content":{"rendered":"<p>3118798, 5118798<br \/>\n\u00c4\u00c4RET\u00d6N 15MM<\/p>\n","protected":false},"excerpt":{"rendered":"<p>3118798, 5118798 \u00c4\u00c4RET\u00d6N 15MM<\/p>\n","protected":false},"featured_media":1636,"template":"","meta":[],"_links":{"self":[{"href":"http:\/\/kultaliikerantanen.fi\/index.php?rest_route=\/wp\/v2\/product\/4022"}],"collection":[{"href":"http:\/\/kultaliikerantanen.fi\/index.php?rest_route=\/wp\/v2\/product"}],"about":[{"href":"http:\/\/kultaliikerantanen.fi\/index.php?rest_route=\/wp\/v2\/types\/product"}],"wp:featuredmedia":[{"embeddable":true,"href":"http:\/\/kultaliikerantanen.fi\/index.php?rest_route=\/wp\/v2\/media\/1636"}],"wp:attachment":[{"href":"http:\/\/kultaliikerantanen.fi\/index.php?rest_route=%2Fwp%2Fv2%2Fmedia&parent=4022"}],"curies":[{"name":"wp","href":"https:\/\/api.w.org\/{rel}","templated":true}]}}