{"id":4016,"date":"2017-07-17T18:48:55","date_gmt":"2017-07-17T18:48:55","guid":{"rendered":"http:\/\/kultaliikerantanen.fi\/?post_type=product&#038;p=4016"},"modified":"2021-04-20T12:16:04","modified_gmt":"2021-04-20T12:16:04","slug":"3118790","status":"publish","type":"product","link":"http:\/\/kultaliikerantanen.fi\/?product=3118790","title":{"rendered":"3118790"},"content":{"rendered":"<p>3118790, 5118790, 5118791<br \/>\n2X J\u00c4\u00c4KIEKKOMAILAT 24MM, 2X J\u00c4\u00c4KIEKKOMAILAT 38MM<br \/>\nLiikunta, Liikkuminen, Urheilu, Urheileminen, Talvi, J\u00e4\u00e4kiekko<\/p>\n","protected":false},"excerpt":{"rendered":"<p>3118790, 5118790, 5118791 2X J\u00c4\u00c4KIEKKOMAILAT 24MM, 2X J\u00c4\u00c4KIEKKOMAILAT 38MM Liikunta, Liikkuminen, Urheilu, Urheileminen, Talvi, J\u00e4\u00e4kiekko<\/p>\n","protected":false},"featured_media":1638,"template":"","meta":[],"_links":{"self":[{"href":"http:\/\/kultaliikerantanen.fi\/index.php?rest_route=\/wp\/v2\/product\/4016"}],"collection":[{"href":"http:\/\/kultaliikerantanen.fi\/index.php?rest_route=\/wp\/v2\/product"}],"about":[{"href":"http:\/\/kultaliikerantanen.fi\/index.php?rest_route=\/wp\/v2\/types\/product"}],"wp:featuredmedia":[{"embeddable":true,"href":"http:\/\/kultaliikerantanen.fi\/index.php?rest_route=\/wp\/v2\/media\/1638"}],"wp:attachment":[{"href":"http:\/\/kultaliikerantanen.fi\/index.php?rest_route=%2Fwp%2Fv2%2Fmedia&parent=4016"}],"curies":[{"name":"wp","href":"https:\/\/api.w.org\/{rel}","templated":true}]}}