{"id":3945,"date":"2017-07-17T18:19:43","date_gmt":"2017-07-17T18:19:43","guid":{"rendered":"http:\/\/kultaliikerantanen.fi\/?post_type=product&#038;p=3945"},"modified":"2021-04-19T12:18:26","modified_gmt":"2021-04-19T12:18:26","slug":"3114013","status":"publish","type":"product","link":"http:\/\/kultaliikerantanen.fi\/?product=3114013","title":{"rendered":"3114013"},"content":{"rendered":"<p>3114008, 3114009, 3114010, 3114011, 3114012, 3114013<br \/>\n4,5MM SYD\u00c4N, 7,5MM SYD\u00c4N, 10MM SYD\u00c4N, 12MM SYD\u00c4N, 15MM SYD\u00c4N, 17MM SYD\u00c4N<\/p>\n","protected":false},"excerpt":{"rendered":"<p>3114008, 3114009, 3114010, 3114011, 3114012, 3114013 4,5MM SYD\u00c4N, 7,5MM SYD\u00c4N, 10MM SYD\u00c4N, 12MM SYD\u00c4N, 15MM SYD\u00c4N, 17MM SYD\u00c4N<\/p>\n","protected":false},"featured_media":825,"template":"","meta":[],"_links":{"self":[{"href":"http:\/\/kultaliikerantanen.fi\/index.php?rest_route=\/wp\/v2\/product\/3945"}],"collection":[{"href":"http:\/\/kultaliikerantanen.fi\/index.php?rest_route=\/wp\/v2\/product"}],"about":[{"href":"http:\/\/kultaliikerantanen.fi\/index.php?rest_route=\/wp\/v2\/types\/product"}],"wp:featuredmedia":[{"embeddable":true,"href":"http:\/\/kultaliikerantanen.fi\/index.php?rest_route=\/wp\/v2\/media\/825"}],"wp:attachment":[{"href":"http:\/\/kultaliikerantanen.fi\/index.php?rest_route=%2Fwp%2Fv2%2Fmedia&parent=3945"}],"curies":[{"name":"wp","href":"https:\/\/api.w.org\/{rel}","templated":true}]}}