{"id":3942,"date":"2017-07-17T18:18:43","date_gmt":"2017-07-17T18:18:43","guid":{"rendered":"http:\/\/kultaliikerantanen.fi\/?post_type=product&#038;p=3942"},"modified":"2021-04-19T12:17:12","modified_gmt":"2021-04-19T12:17:12","slug":"3114007","status":"publish","type":"product","link":"http:\/\/kultaliikerantanen.fi\/?product=3114007","title":{"rendered":"3114007"},"content":{"rendered":"<p>3114005, 3114006, 3114007, 5114005, 5114006, 5114007<br \/>\n11MM PISARA, 16 MM PISARA, 22 MM PISARA<br \/>\nVesi, Meri, J\u00e4rvi, Sade, S\u00e4\u00e4<\/p>\n","protected":false},"excerpt":{"rendered":"<p>3114005, 3114006, 3114007, 5114005, 5114006, 5114007 11MM PISARA, 16 MM PISARA, 22 MM PISARA Vesi, Meri, J\u00e4rvi, Sade, S\u00e4\u00e4<\/p>\n","protected":false},"featured_media":824,"template":"","meta":[],"_links":{"self":[{"href":"http:\/\/kultaliikerantanen.fi\/index.php?rest_route=\/wp\/v2\/product\/3942"}],"collection":[{"href":"http:\/\/kultaliikerantanen.fi\/index.php?rest_route=\/wp\/v2\/product"}],"about":[{"href":"http:\/\/kultaliikerantanen.fi\/index.php?rest_route=\/wp\/v2\/types\/product"}],"wp:featuredmedia":[{"embeddable":true,"href":"http:\/\/kultaliikerantanen.fi\/index.php?rest_route=\/wp\/v2\/media\/824"}],"wp:attachment":[{"href":"http:\/\/kultaliikerantanen.fi\/index.php?rest_route=%2Fwp%2Fv2%2Fmedia&parent=3942"}],"curies":[{"name":"wp","href":"https:\/\/api.w.org\/{rel}","templated":true}]}}