{"id":3931,"date":"2017-07-17T17:56:31","date_gmt":"2017-07-17T17:56:31","guid":{"rendered":"http:\/\/kultaliikerantanen.fi\/?post_type=product&#038;p=3931"},"modified":"2021-04-19T12:09:43","modified_gmt":"2021-04-19T12:09:43","slug":"3113226","status":"publish","type":"product","link":"http:\/\/kultaliikerantanen.fi\/?product=3113226","title":{"rendered":"3113226"},"content":{"rendered":"<p>3113226, 5113226, 3113227, 5113227, 3113228, 5113228<br \/>\n5,5MM KRUUNU PR\u00c4SS\u00c4TTY, 6,5MM KRUUNU PR\u00c4SS\u00c4TTY, 7,5MM KRUUNU PR\u00c4SS\u00c4TTY<\/p>\n","protected":false},"excerpt":{"rendered":"<p>3113226, 5113226, 3113227, 5113227, 3113228, 5113228 5,5MM KRUUNU PR\u00c4SS\u00c4TTY, 6,5MM KRUUNU PR\u00c4SS\u00c4TTY, 7,5MM KRUUNU PR\u00c4SS\u00c4TTY<\/p>\n","protected":false},"featured_media":1647,"template":"","meta":[],"_links":{"self":[{"href":"http:\/\/kultaliikerantanen.fi\/index.php?rest_route=\/wp\/v2\/product\/3931"}],"collection":[{"href":"http:\/\/kultaliikerantanen.fi\/index.php?rest_route=\/wp\/v2\/product"}],"about":[{"href":"http:\/\/kultaliikerantanen.fi\/index.php?rest_route=\/wp\/v2\/types\/product"}],"wp:featuredmedia":[{"embeddable":true,"href":"http:\/\/kultaliikerantanen.fi\/index.php?rest_route=\/wp\/v2\/media\/1647"}],"wp:attachment":[{"href":"http:\/\/kultaliikerantanen.fi\/index.php?rest_route=%2Fwp%2Fv2%2Fmedia&parent=3931"}],"curies":[{"name":"wp","href":"https:\/\/api.w.org\/{rel}","templated":true}]}}