{"id":3790,"date":"2017-07-17T16:51:12","date_gmt":"2017-07-17T16:51:12","guid":{"rendered":"http:\/\/kultaliikerantanen.fi\/?post_type=product&#038;p=3790"},"modified":"2021-04-19T11:49:25","modified_gmt":"2021-04-19T11:49:25","slug":"3113076","status":"publish","type":"product","link":"http:\/\/kultaliikerantanen.fi\/?product=3113076","title":{"rendered":"3113076"},"content":{"rendered":"<p>3113074, 3113075, 3113076<br \/>\n6MM X 8MM KAME HELMI\u00c4INEN, 8MM X 10MM KAME HELMI\u00c4INEN, 10MM X 14MM KAME HELMI\u00c4INEN<\/p>\n","protected":false},"excerpt":{"rendered":"<p>3113074, 3113075, 3113076 6MM X 8MM KAME HELMI\u00c4INEN, 8MM X 10MM KAME HELMI\u00c4INEN, 10MM X 14MM KAME HELMI\u00c4INEN<\/p>\n","protected":false},"featured_media":759,"template":"","meta":[],"_links":{"self":[{"href":"http:\/\/kultaliikerantanen.fi\/index.php?rest_route=\/wp\/v2\/product\/3790"}],"collection":[{"href":"http:\/\/kultaliikerantanen.fi\/index.php?rest_route=\/wp\/v2\/product"}],"about":[{"href":"http:\/\/kultaliikerantanen.fi\/index.php?rest_route=\/wp\/v2\/types\/product"}],"wp:featuredmedia":[{"embeddable":true,"href":"http:\/\/kultaliikerantanen.fi\/index.php?rest_route=\/wp\/v2\/media\/759"}],"wp:attachment":[{"href":"http:\/\/kultaliikerantanen.fi\/index.php?rest_route=%2Fwp%2Fv2%2Fmedia&parent=3790"}],"curies":[{"name":"wp","href":"https:\/\/api.w.org\/{rel}","templated":true}]}}