{"id":3734,"date":"2017-07-10T18:46:36","date_gmt":"2017-07-10T18:46:36","guid":{"rendered":"http:\/\/kultaliikerantanen.fi\/?post_type=product&#038;p=3734"},"modified":"2021-04-08T09:57:47","modified_gmt":"2021-04-08T09:57:47","slug":"3138433","status":"publish","type":"product","link":"http:\/\/kultaliikerantanen.fi\/?product=3138433","title":{"rendered":"3138433"},"content":{"rendered":"<p>3138433, 5138433<br \/>\nPY\u00d6RE\u00c4 3,5MM PR\u00c4S<\/p>\n","protected":false},"excerpt":{"rendered":"<p>3138433, 5138433 PY\u00d6RE\u00c4 3,5MM PR\u00c4S<\/p>\n","protected":false},"featured_media":698,"template":"","meta":[],"_links":{"self":[{"href":"http:\/\/kultaliikerantanen.fi\/index.php?rest_route=\/wp\/v2\/product\/3734"}],"collection":[{"href":"http:\/\/kultaliikerantanen.fi\/index.php?rest_route=\/wp\/v2\/product"}],"about":[{"href":"http:\/\/kultaliikerantanen.fi\/index.php?rest_route=\/wp\/v2\/types\/product"}],"wp:featuredmedia":[{"embeddable":true,"href":"http:\/\/kultaliikerantanen.fi\/index.php?rest_route=\/wp\/v2\/media\/698"}],"wp:attachment":[{"href":"http:\/\/kultaliikerantanen.fi\/index.php?rest_route=%2Fwp%2Fv2%2Fmedia&parent=3734"}],"curies":[{"name":"wp","href":"https:\/\/api.w.org\/{rel}","templated":true}]}}