{"id":3728,"date":"2017-07-10T18:44:10","date_gmt":"2017-07-10T18:44:10","guid":{"rendered":"http:\/\/kultaliikerantanen.fi\/?post_type=product&#038;p=3728"},"modified":"2021-04-08T09:57:04","modified_gmt":"2021-04-08T09:57:04","slug":"3138432","status":"publish","type":"product","link":"http:\/\/kultaliikerantanen.fi\/?product=3138432","title":{"rendered":"3138432"},"content":{"rendered":"<p>3138432, 5138432<br \/>\nPY\u00d6RE\u00c4 4MM PR\u00c4S.REUNUS<\/p>\n","protected":false},"excerpt":{"rendered":"<p>3138432, 5138432 PY\u00d6RE\u00c4 4MM PR\u00c4S.REUNUS<\/p>\n","protected":false},"featured_media":696,"template":"","meta":[],"_links":{"self":[{"href":"http:\/\/kultaliikerantanen.fi\/index.php?rest_route=\/wp\/v2\/product\/3728"}],"collection":[{"href":"http:\/\/kultaliikerantanen.fi\/index.php?rest_route=\/wp\/v2\/product"}],"about":[{"href":"http:\/\/kultaliikerantanen.fi\/index.php?rest_route=\/wp\/v2\/types\/product"}],"wp:featuredmedia":[{"embeddable":true,"href":"http:\/\/kultaliikerantanen.fi\/index.php?rest_route=\/wp\/v2\/media\/696"}],"wp:attachment":[{"href":"http:\/\/kultaliikerantanen.fi\/index.php?rest_route=%2Fwp%2Fv2%2Fmedia&parent=3728"}],"curies":[{"name":"wp","href":"https:\/\/api.w.org\/{rel}","templated":true}]}}