{"id":3669,"date":"2017-07-10T18:24:39","date_gmt":"2017-07-10T18:24:39","guid":{"rendered":"http:\/\/kultaliikerantanen.fi\/?post_type=product&#038;p=3669"},"modified":"2021-04-22T08:11:31","modified_gmt":"2021-04-22T08:11:31","slug":"3136029","status":"publish","type":"product","link":"http:\/\/kultaliikerantanen.fi\/?product=3136029","title":{"rendered":"3136029"},"content":{"rendered":"<p>3136020, 3136029<br \/>\n6MM X 8MM KAME PR\u00c4SS\u00c4TTY, 8MM X 10MM KAME PR\u00c4SS\u00c4TTY<\/p>\n","protected":false},"excerpt":{"rendered":"<p>3136020, 3136029 6MM X 8MM KAME PR\u00c4SS\u00c4TTY, 8MM X 10MM KAME PR\u00c4SS\u00c4TTY<\/p>\n","protected":false},"featured_media":676,"template":"","meta":[],"_links":{"self":[{"href":"http:\/\/kultaliikerantanen.fi\/index.php?rest_route=\/wp\/v2\/product\/3669"}],"collection":[{"href":"http:\/\/kultaliikerantanen.fi\/index.php?rest_route=\/wp\/v2\/product"}],"about":[{"href":"http:\/\/kultaliikerantanen.fi\/index.php?rest_route=\/wp\/v2\/types\/product"}],"wp:featuredmedia":[{"embeddable":true,"href":"http:\/\/kultaliikerantanen.fi\/index.php?rest_route=\/wp\/v2\/media\/676"}],"wp:attachment":[{"href":"http:\/\/kultaliikerantanen.fi\/index.php?rest_route=%2Fwp%2Fv2%2Fmedia&parent=3669"}],"curies":[{"name":"wp","href":"https:\/\/api.w.org\/{rel}","templated":true}]}}