{"id":3526,"date":"2017-07-10T17:10:08","date_gmt":"2017-07-10T17:10:08","guid":{"rendered":"http:\/\/kultaliikerantanen.fi\/?post_type=product&#038;p=3526"},"modified":"2021-04-05T07:44:33","modified_gmt":"2021-04-05T07:44:33","slug":"3137206","status":"publish","type":"product","link":"http:\/\/kultaliikerantanen.fi\/?product=3137206","title":{"rendered":"3137206"},"content":{"rendered":"<p>3137206, 5137206, 3137219, 5137219, 3137229, 5137229<br \/>\n4MM SYD\u00c4N KIVITAPPI, 5MM SYD\u00c4N KIVITAPPI, 8MM SYD\u00c4N KIVITAPPI<\/p>\n","protected":false},"excerpt":{"rendered":"<p>3137206, 5137206, 3137219, 5137219, 3137229, 5137229 4MM SYD\u00c4N KIVITAPPI, 5MM SYD\u00c4N KIVITAPPI, 8MM SYD\u00c4N KIVITAPPI<\/p>\n","protected":false},"featured_media":616,"template":"","meta":[],"_links":{"self":[{"href":"http:\/\/kultaliikerantanen.fi\/index.php?rest_route=\/wp\/v2\/product\/3526"}],"collection":[{"href":"http:\/\/kultaliikerantanen.fi\/index.php?rest_route=\/wp\/v2\/product"}],"about":[{"href":"http:\/\/kultaliikerantanen.fi\/index.php?rest_route=\/wp\/v2\/types\/product"}],"wp:featuredmedia":[{"embeddable":true,"href":"http:\/\/kultaliikerantanen.fi\/index.php?rest_route=\/wp\/v2\/media\/616"}],"wp:attachment":[{"href":"http:\/\/kultaliikerantanen.fi\/index.php?rest_route=%2Fwp%2Fv2%2Fmedia&parent=3526"}],"curies":[{"name":"wp","href":"https:\/\/api.w.org\/{rel}","templated":true}]}}