{"id":3306,"date":"2017-06-22T09:34:56","date_gmt":"2017-06-22T09:34:56","guid":{"rendered":"http:\/\/kultaliikerantanen.fi\/?post_type=product&#038;p=3306"},"modified":"2021-04-07T15:44:04","modified_gmt":"2021-04-07T15:44:04","slug":"3138171","status":"publish","type":"product","link":"http:\/\/kultaliikerantanen.fi\/?product=3138171","title":{"rendered":"3138171"},"content":{"rendered":"<p>3138171, 3138172, 3138173, 5138171, 5138172, 5138173<br \/>\n4,5MM SYD\u00c4N TH, 7,5MM SYD\u00c4N TH, 10MM SYD\u00c4N TH<\/p>\n","protected":false},"excerpt":{"rendered":"<p>3138171, 3138172, 3138173, 5138171, 5138172, 5138173 4,5MM SYD\u00c4N TH, 7,5MM SYD\u00c4N TH, 10MM SYD\u00c4N TH<\/p>\n","protected":false},"featured_media":530,"template":"","meta":[],"_links":{"self":[{"href":"http:\/\/kultaliikerantanen.fi\/index.php?rest_route=\/wp\/v2\/product\/3306"}],"collection":[{"href":"http:\/\/kultaliikerantanen.fi\/index.php?rest_route=\/wp\/v2\/product"}],"about":[{"href":"http:\/\/kultaliikerantanen.fi\/index.php?rest_route=\/wp\/v2\/types\/product"}],"wp:featuredmedia":[{"embeddable":true,"href":"http:\/\/kultaliikerantanen.fi\/index.php?rest_route=\/wp\/v2\/media\/530"}],"wp:attachment":[{"href":"http:\/\/kultaliikerantanen.fi\/index.php?rest_route=%2Fwp%2Fv2%2Fmedia&parent=3306"}],"curies":[{"name":"wp","href":"https:\/\/api.w.org\/{rel}","templated":true}]}}