{"id":3175,"date":"2017-06-22T08:17:31","date_gmt":"2017-06-22T08:17:31","guid":{"rendered":"http:\/\/kultaliikerantanen.fi\/?post_type=product&#038;p=3175"},"modified":"2021-04-08T07:48:28","modified_gmt":"2021-04-08T07:48:28","slug":"3138323","status":"publish","type":"product","link":"http:\/\/kultaliikerantanen.fi\/?product=3138323","title":{"rendered":"3138323"},"content":{"rendered":"<p>3138323, 5138323<br \/>\nPERHONEN 6,5MM<br \/>\n\u00d6t\u00f6kk\u00e4, \u00d6t\u00f6k\u00e4t, Perhoset<\/p>\n","protected":false},"excerpt":{"rendered":"<p>3138323, 5138323 PERHONEN 6,5MM \u00d6t\u00f6kk\u00e4, \u00d6t\u00f6k\u00e4t, Perhoset<\/p>\n","protected":false},"featured_media":483,"template":"","meta":[],"_links":{"self":[{"href":"http:\/\/kultaliikerantanen.fi\/index.php?rest_route=\/wp\/v2\/product\/3175"}],"collection":[{"href":"http:\/\/kultaliikerantanen.fi\/index.php?rest_route=\/wp\/v2\/product"}],"about":[{"href":"http:\/\/kultaliikerantanen.fi\/index.php?rest_route=\/wp\/v2\/types\/product"}],"wp:featuredmedia":[{"embeddable":true,"href":"http:\/\/kultaliikerantanen.fi\/index.php?rest_route=\/wp\/v2\/media\/483"}],"wp:attachment":[{"href":"http:\/\/kultaliikerantanen.fi\/index.php?rest_route=%2Fwp%2Fv2%2Fmedia&parent=3175"}],"curies":[{"name":"wp","href":"https:\/\/api.w.org\/{rel}","templated":true}]}}