{"id":3159,"date":"2017-06-22T08:12:59","date_gmt":"2017-06-22T08:12:59","guid":{"rendered":"http:\/\/kultaliikerantanen.fi\/?post_type=product&#038;p=3159"},"modified":"2021-04-08T07:30:54","modified_gmt":"2021-04-08T07:30:54","slug":"3138295","status":"publish","type":"product","link":"http:\/\/kultaliikerantanen.fi\/?product=3138295","title":{"rendered":"3138295"},"content":{"rendered":"<p>3138295, 5138295<br \/>\nPERHONEN 8MM<br \/>\n\u00d6t\u00f6kk\u00e4, \u00d6t\u00f6k\u00e4t<\/p>\n","protected":false},"excerpt":{"rendered":"<p>3138295, 5138295 PERHONEN 8MM \u00d6t\u00f6kk\u00e4, \u00d6t\u00f6k\u00e4t<\/p>\n","protected":false},"featured_media":475,"template":"","meta":[],"_links":{"self":[{"href":"http:\/\/kultaliikerantanen.fi\/index.php?rest_route=\/wp\/v2\/product\/3159"}],"collection":[{"href":"http:\/\/kultaliikerantanen.fi\/index.php?rest_route=\/wp\/v2\/product"}],"about":[{"href":"http:\/\/kultaliikerantanen.fi\/index.php?rest_route=\/wp\/v2\/types\/product"}],"wp:featuredmedia":[{"embeddable":true,"href":"http:\/\/kultaliikerantanen.fi\/index.php?rest_route=\/wp\/v2\/media\/475"}],"wp:attachment":[{"href":"http:\/\/kultaliikerantanen.fi\/index.php?rest_route=%2Fwp%2Fv2%2Fmedia&parent=3159"}],"curies":[{"name":"wp","href":"https:\/\/api.w.org\/{rel}","templated":true}]}}