{"id":3156,"date":"2017-06-22T08:12:09","date_gmt":"2017-06-22T08:12:09","guid":{"rendered":"http:\/\/kultaliikerantanen.fi\/?post_type=product&#038;p=3156"},"modified":"2021-04-08T07:30:16","modified_gmt":"2021-04-08T07:30:16","slug":"3138294","status":"publish","type":"product","link":"http:\/\/kultaliikerantanen.fi\/?product=3138294","title":{"rendered":"3138294"},"content":{"rendered":"<p>3138294, 5138294<br \/>\nDELFIINI 11MM HYPP\u00c4\u00c4V\u00c4<br \/>\nEl\u00e4in, El\u00e4imet, Kala, Kalat, Vesi, Meri<\/p>\n","protected":false},"excerpt":{"rendered":"<p>3138294, 5138294 DELFIINI 11MM HYPP\u00c4\u00c4V\u00c4 El\u00e4in, El\u00e4imet, Kala, Kalat, Vesi, Meri<\/p>\n","protected":false},"featured_media":474,"template":"","meta":[],"_links":{"self":[{"href":"http:\/\/kultaliikerantanen.fi\/index.php?rest_route=\/wp\/v2\/product\/3156"}],"collection":[{"href":"http:\/\/kultaliikerantanen.fi\/index.php?rest_route=\/wp\/v2\/product"}],"about":[{"href":"http:\/\/kultaliikerantanen.fi\/index.php?rest_route=\/wp\/v2\/types\/product"}],"wp:featuredmedia":[{"embeddable":true,"href":"http:\/\/kultaliikerantanen.fi\/index.php?rest_route=\/wp\/v2\/media\/474"}],"wp:attachment":[{"href":"http:\/\/kultaliikerantanen.fi\/index.php?rest_route=%2Fwp%2Fv2%2Fmedia&parent=3156"}],"curies":[{"name":"wp","href":"https:\/\/api.w.org\/{rel}","templated":true}]}}