{"id":3081,"date":"2017-06-22T07:44:43","date_gmt":"2017-06-22T07:44:43","guid":{"rendered":"http:\/\/kultaliikerantanen.fi\/?post_type=product&#038;p=3081"},"modified":"2021-04-09T12:49:36","modified_gmt":"2021-04-09T12:49:36","slug":"5138314","status":"publish","type":"product","link":"http:\/\/kultaliikerantanen.fi\/?product=5138314","title":{"rendered":"3138314"},"content":{"rendered":"<p>3138314, 5138314<br \/>\nTUPLAHEVOSENKENK\u00c4 KETJU<br \/>\nHevonen, Hevoset, Ratsastaminen, Ratsastus, El\u00e4in, El\u00e4imet<\/p>\n","protected":false},"excerpt":{"rendered":"<p>3138314, 5138314 TUPLAHEVOSENKENK\u00c4 KETJU Hevonen, Hevoset, Ratsastaminen, Ratsastus, El\u00e4in, El\u00e4imet<\/p>\n","protected":false},"featured_media":443,"template":"","meta":[],"_links":{"self":[{"href":"http:\/\/kultaliikerantanen.fi\/index.php?rest_route=\/wp\/v2\/product\/3081"}],"collection":[{"href":"http:\/\/kultaliikerantanen.fi\/index.php?rest_route=\/wp\/v2\/product"}],"about":[{"href":"http:\/\/kultaliikerantanen.fi\/index.php?rest_route=\/wp\/v2\/types\/product"}],"wp:featuredmedia":[{"embeddable":true,"href":"http:\/\/kultaliikerantanen.fi\/index.php?rest_route=\/wp\/v2\/media\/443"}],"wp:attachment":[{"href":"http:\/\/kultaliikerantanen.fi\/index.php?rest_route=%2Fwp%2Fv2%2Fmedia&parent=3081"}],"curies":[{"name":"wp","href":"https:\/\/api.w.org\/{rel}","templated":true}]}}