{"id":3078,"date":"2017-06-22T07:43:53","date_gmt":"2017-06-22T07:43:53","guid":{"rendered":"http:\/\/kultaliikerantanen.fi\/?post_type=product&#038;p=3078"},"modified":"2021-04-09T12:49:06","modified_gmt":"2021-04-09T12:49:06","slug":"5138313","status":"publish","type":"product","link":"http:\/\/kultaliikerantanen.fi\/?product=5138313","title":{"rendered":"3138313"},"content":{"rendered":"<p>3138313, 5138313<br \/>\nPERHONEN 7MM KETJU<br \/>\n\u00d6t\u00f6k\u00e4t, \u00d6t\u00f6kk\u00e4, Perhoset<\/p>\n","protected":false},"excerpt":{"rendered":"<p>3138313, 5138313 PERHONEN 7MM KETJU \u00d6t\u00f6k\u00e4t, \u00d6t\u00f6kk\u00e4, Perhoset<\/p>\n","protected":false},"featured_media":442,"template":"","meta":[],"_links":{"self":[{"href":"http:\/\/kultaliikerantanen.fi\/index.php?rest_route=\/wp\/v2\/product\/3078"}],"collection":[{"href":"http:\/\/kultaliikerantanen.fi\/index.php?rest_route=\/wp\/v2\/product"}],"about":[{"href":"http:\/\/kultaliikerantanen.fi\/index.php?rest_route=\/wp\/v2\/types\/product"}],"wp:featuredmedia":[{"embeddable":true,"href":"http:\/\/kultaliikerantanen.fi\/index.php?rest_route=\/wp\/v2\/media\/442"}],"wp:attachment":[{"href":"http:\/\/kultaliikerantanen.fi\/index.php?rest_route=%2Fwp%2Fv2%2Fmedia&parent=3078"}],"curies":[{"name":"wp","href":"https:\/\/api.w.org\/{rel}","templated":true}]}}