{"id":3068,"date":"2017-06-22T07:40:25","date_gmt":"2017-06-22T07:40:25","guid":{"rendered":"http:\/\/kultaliikerantanen.fi\/?post_type=product&#038;p=3068"},"modified":"2021-04-09T15:40:14","modified_gmt":"2021-04-09T15:40:14","slug":"5138305","status":"publish","type":"product","link":"http:\/\/kultaliikerantanen.fi\/?product=5138305","title":{"rendered":"5138305"},"content":{"rendered":"<p>7,5MM SILE\u00c4 SYD\u00c4N PR\u00c4SS<\/p>\n","protected":false},"excerpt":{"rendered":"<p>7,5MM SILE\u00c4 SYD\u00c4N PR\u00c4SS<\/p>\n","protected":false},"featured_media":438,"template":"","meta":[],"_links":{"self":[{"href":"http:\/\/kultaliikerantanen.fi\/index.php?rest_route=\/wp\/v2\/product\/3068"}],"collection":[{"href":"http:\/\/kultaliikerantanen.fi\/index.php?rest_route=\/wp\/v2\/product"}],"about":[{"href":"http:\/\/kultaliikerantanen.fi\/index.php?rest_route=\/wp\/v2\/types\/product"}],"wp:featuredmedia":[{"embeddable":true,"href":"http:\/\/kultaliikerantanen.fi\/index.php?rest_route=\/wp\/v2\/media\/438"}],"wp:attachment":[{"href":"http:\/\/kultaliikerantanen.fi\/index.php?rest_route=%2Fwp%2Fv2%2Fmedia&parent=3068"}],"curies":[{"name":"wp","href":"https:\/\/api.w.org\/{rel}","templated":true}]}}