{"id":2493,"date":"2017-06-14T19:54:49","date_gmt":"2017-06-14T19:54:49","guid":{"rendered":"http:\/\/kultaliikerantanen.fi\/?post_type=product&#038;p=2493"},"modified":"2021-04-22T07:45:54","modified_gmt":"2021-04-22T07:45:54","slug":"3135200","status":"publish","type":"product","link":"http:\/\/kultaliikerantanen.fi\/?product=3135200","title":{"rendered":"3135200"},"content":{"rendered":"<p>3135200, 5135200<br \/>\nSUOMENLEIJONA7MM 13MMHOITORENGAS<br \/>\nLiikunta, Liikkuminen, Urheilu, Urheileminen, Talvi, J\u00e4\u00e4kiekko, L\u00e4tk\u00e4, Leijonat<\/p>\n","protected":false},"excerpt":{"rendered":"<p>3135200, 5135200 SUOMENLEIJONA7MM 13MMHOITORENGAS Liikunta, Liikkuminen, Urheilu, Urheileminen, Talvi, J\u00e4\u00e4kiekko, L\u00e4tk\u00e4, Leijonat<\/p>\n","protected":false},"featured_media":379,"template":"","meta":[],"_links":{"self":[{"href":"http:\/\/kultaliikerantanen.fi\/index.php?rest_route=\/wp\/v2\/product\/2493"}],"collection":[{"href":"http:\/\/kultaliikerantanen.fi\/index.php?rest_route=\/wp\/v2\/product"}],"about":[{"href":"http:\/\/kultaliikerantanen.fi\/index.php?rest_route=\/wp\/v2\/types\/product"}],"wp:featuredmedia":[{"embeddable":true,"href":"http:\/\/kultaliikerantanen.fi\/index.php?rest_route=\/wp\/v2\/media\/379"}],"wp:attachment":[{"href":"http:\/\/kultaliikerantanen.fi\/index.php?rest_route=%2Fwp%2Fv2%2Fmedia&parent=2493"}],"curies":[{"name":"wp","href":"https:\/\/api.w.org\/{rel}","templated":true}]}}