{"id":2353,"date":"2017-06-12T20:30:05","date_gmt":"2017-06-12T20:30:05","guid":{"rendered":"http:\/\/kultaliikerantanen.fi\/?post_type=product&#038;p=2353"},"modified":"2021-04-21T15:20:51","modified_gmt":"2021-04-21T15:20:51","slug":"3134244","status":"publish","type":"product","link":"http:\/\/kultaliikerantanen.fi\/?product=3134244","title":{"rendered":"3134244"},"content":{"rendered":"<p>3134244, 5134244<br \/>\nTASSU 7MM PY\u00d6RE\u00c4 LK<br \/>\nEl\u00e4in, El\u00e4imet, Lemmikki, Lemmikit, Kissa, Kissat, Koira, Koirat<\/p>\n","protected":false},"excerpt":{"rendered":"<p>3134244, 5134244 TASSU 7MM PY\u00d6RE\u00c4 LK El\u00e4in, El\u00e4imet, Lemmikki, Lemmikit, Kissa, Kissat, Koira, Koirat<\/p>\n","protected":false},"featured_media":1613,"template":"","meta":[],"_links":{"self":[{"href":"http:\/\/kultaliikerantanen.fi\/index.php?rest_route=\/wp\/v2\/product\/2353"}],"collection":[{"href":"http:\/\/kultaliikerantanen.fi\/index.php?rest_route=\/wp\/v2\/product"}],"about":[{"href":"http:\/\/kultaliikerantanen.fi\/index.php?rest_route=\/wp\/v2\/types\/product"}],"wp:featuredmedia":[{"embeddable":true,"href":"http:\/\/kultaliikerantanen.fi\/index.php?rest_route=\/wp\/v2\/media\/1613"}],"wp:attachment":[{"href":"http:\/\/kultaliikerantanen.fi\/index.php?rest_route=%2Fwp%2Fv2%2Fmedia&parent=2353"}],"curies":[{"name":"wp","href":"https:\/\/api.w.org\/{rel}","templated":true}]}}