{"id":2275,"date":"2017-06-12T19:55:18","date_gmt":"2017-06-12T19:55:18","guid":{"rendered":"http:\/\/kultaliikerantanen.fi\/?post_type=product&#038;p=2275"},"modified":"2021-04-09T15:20:35","modified_gmt":"2021-04-09T15:20:35","slug":"5133326","status":"publish","type":"product","link":"http:\/\/kultaliikerantanen.fi\/?product=5133326","title":{"rendered":"5133326"},"content":{"rendered":"<p>12MM SWA PERHONEN ISOKOUKKU<br \/>\n\u00d6t\u00f6kk\u00e4, \u00d6t\u00f6k\u00e4t<\/p>\n","protected":false},"excerpt":{"rendered":"<p>12MM SWA PERHONEN ISOKOUKKU \u00d6t\u00f6kk\u00e4, \u00d6t\u00f6k\u00e4t<\/p>\n","protected":false},"featured_media":310,"template":"","meta":[],"_links":{"self":[{"href":"http:\/\/kultaliikerantanen.fi\/index.php?rest_route=\/wp\/v2\/product\/2275"}],"collection":[{"href":"http:\/\/kultaliikerantanen.fi\/index.php?rest_route=\/wp\/v2\/product"}],"about":[{"href":"http:\/\/kultaliikerantanen.fi\/index.php?rest_route=\/wp\/v2\/types\/product"}],"wp:featuredmedia":[{"embeddable":true,"href":"http:\/\/kultaliikerantanen.fi\/index.php?rest_route=\/wp\/v2\/media\/310"}],"wp:attachment":[{"href":"http:\/\/kultaliikerantanen.fi\/index.php?rest_route=%2Fwp%2Fv2%2Fmedia&parent=2275"}],"curies":[{"name":"wp","href":"https:\/\/api.w.org\/{rel}","templated":true}]}}