{"id":2259,"date":"2017-06-12T19:45:35","date_gmt":"2017-06-12T19:45:35","guid":{"rendered":"http:\/\/kultaliikerantanen.fi\/?post_type=product&#038;p=2259"},"modified":"2021-04-21T09:33:51","modified_gmt":"2021-04-21T09:33:51","slug":"5133225","status":"publish","type":"product","link":"http:\/\/kultaliikerantanen.fi\/?product=5133225","title":{"rendered":"3133225"},"content":{"rendered":"<p>3133225, 5133225, 3133226, 5133226, 3133278, 5133278<br \/>\n4MM KRISTALLIKUUTIO KIINTE\u00c4KOUKKU, 6MM KRISTALLIKUUTIO KIINTE\u00c4KOUKKU, 8MM KRISTALLIKUUTIO KIINTE\u00c4KOUKKU<\/p>\n","protected":false},"excerpt":{"rendered":"<p>3133225, 5133225, 3133226, 5133226, 3133278, 5133278 4MM KRISTALLIKUUTIO KIINTE\u00c4KOUKKU, 6MM KRISTALLIKUUTIO KIINTE\u00c4KOUKKU, 8MM KRISTALLIKUUTIO KIINTE\u00c4KOUKKU<\/p>\n","protected":false},"featured_media":296,"template":"","meta":[],"_links":{"self":[{"href":"http:\/\/kultaliikerantanen.fi\/index.php?rest_route=\/wp\/v2\/product\/2259"}],"collection":[{"href":"http:\/\/kultaliikerantanen.fi\/index.php?rest_route=\/wp\/v2\/product"}],"about":[{"href":"http:\/\/kultaliikerantanen.fi\/index.php?rest_route=\/wp\/v2\/types\/product"}],"wp:featuredmedia":[{"embeddable":true,"href":"http:\/\/kultaliikerantanen.fi\/index.php?rest_route=\/wp\/v2\/media\/296"}],"wp:attachment":[{"href":"http:\/\/kultaliikerantanen.fi\/index.php?rest_route=%2Fwp%2Fv2%2Fmedia&parent=2259"}],"curies":[{"name":"wp","href":"https:\/\/api.w.org\/{rel}","templated":true}]}}