{"id":2209,"date":"2017-06-12T19:15:37","date_gmt":"2017-06-12T19:15:37","guid":{"rendered":"http:\/\/kultaliikerantanen.fi\/?post_type=product&#038;p=2209"},"modified":"2021-04-21T10:42:37","modified_gmt":"2021-04-21T10:42:37","slug":"3134151","status":"publish","type":"product","link":"http:\/\/kultaliikerantanen.fi\/?product=3134151","title":{"rendered":"3134151"},"content":{"rendered":"<p>3134151, 5134151<br \/>\nPERHONEN 7MM LK<br \/>\n\u00d6t\u00f6kk\u00e4, \u00d6t\u00f6k\u00e4t<\/p>\n","protected":false},"excerpt":{"rendered":"<p>3134151, 5134151 PERHONEN 7MM LK \u00d6t\u00f6kk\u00e4, \u00d6t\u00f6k\u00e4t<\/p>\n","protected":false},"featured_media":276,"template":"","meta":[],"_links":{"self":[{"href":"http:\/\/kultaliikerantanen.fi\/index.php?rest_route=\/wp\/v2\/product\/2209"}],"collection":[{"href":"http:\/\/kultaliikerantanen.fi\/index.php?rest_route=\/wp\/v2\/product"}],"about":[{"href":"http:\/\/kultaliikerantanen.fi\/index.php?rest_route=\/wp\/v2\/types\/product"}],"wp:featuredmedia":[{"embeddable":true,"href":"http:\/\/kultaliikerantanen.fi\/index.php?rest_route=\/wp\/v2\/media\/276"}],"wp:attachment":[{"href":"http:\/\/kultaliikerantanen.fi\/index.php?rest_route=%2Fwp%2Fv2%2Fmedia&parent=2209"}],"curies":[{"name":"wp","href":"https:\/\/api.w.org\/{rel}","templated":true}]}}