{"id":2200,"date":"2017-06-12T19:10:39","date_gmt":"2017-06-12T19:10:39","guid":{"rendered":"http:\/\/kultaliikerantanen.fi\/?post_type=product&#038;p=2200"},"modified":"2021-04-21T10:36:23","modified_gmt":"2021-04-21T10:36:23","slug":"3134146","status":"publish","type":"product","link":"http:\/\/kultaliikerantanen.fi\/?product=3134146","title":{"rendered":"3134146"},"content":{"rendered":"<p>3134146, 5134146<br \/>\nSUOMENLEIJONA 7MM LK<br \/>\nJ\u00e4\u00e4kiekko, L\u00e4tk\u00e4, Suomi, Leijonat<\/p>\n","protected":false},"excerpt":{"rendered":"<p>3134146, 5134146 SUOMENLEIJONA 7MM LK J\u00e4\u00e4kiekko, L\u00e4tk\u00e4, Suomi, Leijonat<\/p>\n","protected":false},"featured_media":273,"template":"","meta":[],"_links":{"self":[{"href":"http:\/\/kultaliikerantanen.fi\/index.php?rest_route=\/wp\/v2\/product\/2200"}],"collection":[{"href":"http:\/\/kultaliikerantanen.fi\/index.php?rest_route=\/wp\/v2\/product"}],"about":[{"href":"http:\/\/kultaliikerantanen.fi\/index.php?rest_route=\/wp\/v2\/types\/product"}],"wp:featuredmedia":[{"embeddable":true,"href":"http:\/\/kultaliikerantanen.fi\/index.php?rest_route=\/wp\/v2\/media\/273"}],"wp:attachment":[{"href":"http:\/\/kultaliikerantanen.fi\/index.php?rest_route=%2Fwp%2Fv2%2Fmedia&parent=2200"}],"curies":[{"name":"wp","href":"https:\/\/api.w.org\/{rel}","templated":true}]}}