{"id":2170,"date":"2017-06-12T19:00:38","date_gmt":"2017-06-12T19:00:38","guid":{"rendered":"http:\/\/kultaliikerantanen.fi\/?post_type=product&#038;p=2170"},"modified":"2021-04-21T10:31:37","modified_gmt":"2021-04-21T10:31:37","slug":"3134084","status":"publish","type":"product","link":"http:\/\/kultaliikerantanen.fi\/?product=3134084","title":{"rendered":"3134084"},"content":{"rendered":"<p>3134084, 5134084<br \/>\nTUPLA HEVOSENKENK\u00c4 LK 7,5MM<br \/>\nHevonen, Hevoset, Ratsastaminen, Ratsastus, El\u00e4in, El\u00e4imet<\/p>\n","protected":false},"excerpt":{"rendered":"<p>3134084, 5134084 TUPLA HEVOSENKENK\u00c4 LK 7,5MM Hevonen, Hevoset, Ratsastaminen, Ratsastus, El\u00e4in, El\u00e4imet<\/p>\n","protected":false},"featured_media":262,"template":"","meta":[],"_links":{"self":[{"href":"http:\/\/kultaliikerantanen.fi\/index.php?rest_route=\/wp\/v2\/product\/2170"}],"collection":[{"href":"http:\/\/kultaliikerantanen.fi\/index.php?rest_route=\/wp\/v2\/product"}],"about":[{"href":"http:\/\/kultaliikerantanen.fi\/index.php?rest_route=\/wp\/v2\/types\/product"}],"wp:featuredmedia":[{"embeddable":true,"href":"http:\/\/kultaliikerantanen.fi\/index.php?rest_route=\/wp\/v2\/media\/262"}],"wp:attachment":[{"href":"http:\/\/kultaliikerantanen.fi\/index.php?rest_route=%2Fwp%2Fv2%2Fmedia&parent=2170"}],"curies":[{"name":"wp","href":"https:\/\/api.w.org\/{rel}","templated":true}]}}