{"id":2126,"date":"2017-06-12T18:45:32","date_gmt":"2017-06-12T18:45:32","guid":{"rendered":"http:\/\/kultaliikerantanen.fi\/?post_type=product&#038;p=2126"},"modified":"2021-04-21T10:23:37","modified_gmt":"2021-04-21T10:23:37","slug":"3134028","status":"publish","type":"product","link":"http:\/\/kultaliikerantanen.fi\/?product=3134028","title":{"rendered":"3134028"},"content":{"rendered":"<p>3134028, 5134028<br \/>\nHEVOSENKENK\u00c4 LK<br \/>\nHevonen, Hevoset, Ratsastaminen, Ratsastus, El\u00e4in, El\u00e4imet<\/p>\n","protected":false},"excerpt":{"rendered":"<p>3134028, 5134028 HEVOSENKENK\u00c4 LK Hevonen, Hevoset, Ratsastaminen, Ratsastus, El\u00e4in, El\u00e4imet<\/p>\n","protected":false},"featured_media":246,"template":"","meta":[],"_links":{"self":[{"href":"http:\/\/kultaliikerantanen.fi\/index.php?rest_route=\/wp\/v2\/product\/2126"}],"collection":[{"href":"http:\/\/kultaliikerantanen.fi\/index.php?rest_route=\/wp\/v2\/product"}],"about":[{"href":"http:\/\/kultaliikerantanen.fi\/index.php?rest_route=\/wp\/v2\/types\/product"}],"wp:featuredmedia":[{"embeddable":true,"href":"http:\/\/kultaliikerantanen.fi\/index.php?rest_route=\/wp\/v2\/media\/246"}],"wp:attachment":[{"href":"http:\/\/kultaliikerantanen.fi\/index.php?rest_route=%2Fwp%2Fv2%2Fmedia&parent=2126"}],"curies":[{"name":"wp","href":"https:\/\/api.w.org\/{rel}","templated":true}]}}