{"id":2092,"date":"2017-06-12T18:31:37","date_gmt":"2017-06-12T18:31:37","guid":{"rendered":"http:\/\/kultaliikerantanen.fi\/?post_type=product&#038;p=2092"},"modified":"2021-04-21T09:43:50","modified_gmt":"2021-04-21T09:43:50","slug":"5133268","status":"publish","type":"product","link":"http:\/\/kultaliikerantanen.fi\/?product=5133268","title":{"rendered":"3133268"},"content":{"rendered":"<p>3133227, 5133227, 3133268, 5133268, 3133275, 5133275<br \/>\n6MM KRISTALLI PALLO KIINTE\u00c4KOUKKU, 8MM KRISTALLIPALLO KIINTE\u00c4KOUKKU, 10MM KRISTALLIPALLO KIINTE\u00c4KOUKKU<\/p>\n","protected":false},"excerpt":{"rendered":"<p>3133227, 5133227, 3133268, 5133268, 3133275, 5133275 6MM KRISTALLI PALLO KIINTE\u00c4KOUKKU, 8MM KRISTALLIPALLO KIINTE\u00c4KOUKKU, 10MM KRISTALLIPALLO KIINTE\u00c4KOUKKU<\/p>\n","protected":false},"featured_media":226,"template":"","meta":[],"_links":{"self":[{"href":"http:\/\/kultaliikerantanen.fi\/index.php?rest_route=\/wp\/v2\/product\/2092"}],"collection":[{"href":"http:\/\/kultaliikerantanen.fi\/index.php?rest_route=\/wp\/v2\/product"}],"about":[{"href":"http:\/\/kultaliikerantanen.fi\/index.php?rest_route=\/wp\/v2\/types\/product"}],"wp:featuredmedia":[{"embeddable":true,"href":"http:\/\/kultaliikerantanen.fi\/index.php?rest_route=\/wp\/v2\/media\/226"}],"wp:attachment":[{"href":"http:\/\/kultaliikerantanen.fi\/index.php?rest_route=%2Fwp%2Fv2%2Fmedia&parent=2092"}],"curies":[{"name":"wp","href":"https:\/\/api.w.org\/{rel}","templated":true}]}}