{"id":1788,"date":"2017-06-05T10:29:51","date_gmt":"2017-06-05T10:29:51","guid":{"rendered":"http:\/\/kultaliikerantanen.fi\/?post_type=product&#038;p=1788"},"modified":"2021-04-09T16:11:59","modified_gmt":"2021-04-09T16:11:59","slug":"3104048","status":"publish","type":"product","link":"http:\/\/kultaliikerantanen.fi\/?product=3104048","title":{"rendered":"3104048"},"content":{"rendered":"<p>3104048<br \/>\nHEVOSENKENK\u00c4P\u00c4\u00c4<br \/>\nOnni, El\u00e4in, El\u00e4imet, Hevonen, Hevoset<\/p>\n","protected":false},"excerpt":{"rendered":"<p>3104048 HEVOSENKENK\u00c4P\u00c4\u00c4 Onni, El\u00e4in, El\u00e4imet, Hevonen, Hevoset<\/p>\n","protected":false},"featured_media":1298,"template":"","meta":[],"_links":{"self":[{"href":"http:\/\/kultaliikerantanen.fi\/index.php?rest_route=\/wp\/v2\/product\/1788"}],"collection":[{"href":"http:\/\/kultaliikerantanen.fi\/index.php?rest_route=\/wp\/v2\/product"}],"about":[{"href":"http:\/\/kultaliikerantanen.fi\/index.php?rest_route=\/wp\/v2\/types\/product"}],"wp:featuredmedia":[{"embeddable":true,"href":"http:\/\/kultaliikerantanen.fi\/index.php?rest_route=\/wp\/v2\/media\/1298"}],"wp:attachment":[{"href":"http:\/\/kultaliikerantanen.fi\/index.php?rest_route=%2Fwp%2Fv2%2Fmedia&parent=1788"}],"curies":[{"name":"wp","href":"https:\/\/api.w.org\/{rel}","templated":true}]}}