{"id":1785,"date":"2017-06-05T10:28:43","date_gmt":"2017-06-05T10:28:43","guid":{"rendered":"http:\/\/kultaliikerantanen.fi\/?post_type=product&#038;p=1785"},"modified":"2021-04-09T16:11:25","modified_gmt":"2021-04-09T16:11:25","slug":"3104045","status":"publish","type":"product","link":"http:\/\/kultaliikerantanen.fi\/?product=3104045","title":{"rendered":"3104045"},"content":{"rendered":"<p>3104045, 5104045<br \/>\n3 KIILT\u00c4V\u00c4\u00c4 3 PISTE PY\u00d6RRE<\/p>\n","protected":false},"excerpt":{"rendered":"<p>3104045, 5104045 3 KIILT\u00c4V\u00c4\u00c4 3 PISTE PY\u00d6RRE<\/p>\n","protected":false},"featured_media":1297,"template":"","meta":[],"_links":{"self":[{"href":"http:\/\/kultaliikerantanen.fi\/index.php?rest_route=\/wp\/v2\/product\/1785"}],"collection":[{"href":"http:\/\/kultaliikerantanen.fi\/index.php?rest_route=\/wp\/v2\/product"}],"about":[{"href":"http:\/\/kultaliikerantanen.fi\/index.php?rest_route=\/wp\/v2\/types\/product"}],"wp:featuredmedia":[{"embeddable":true,"href":"http:\/\/kultaliikerantanen.fi\/index.php?rest_route=\/wp\/v2\/media\/1297"}],"wp:attachment":[{"href":"http:\/\/kultaliikerantanen.fi\/index.php?rest_route=%2Fwp%2Fv2%2Fmedia&parent=1785"}],"curies":[{"name":"wp","href":"https:\/\/api.w.org\/{rel}","templated":true}]}}